{"id":20,"date":"2014-01-20T21:21:46","date_gmt":"2014-01-20T19:21:46","guid":{"rendered":"http:\/\/www.iv-milch.de\/?page_id=20"},"modified":"2026-01-14T17:56:25","modified_gmt":"2026-01-14T15:56:25","slug":"test","status":"publish","type":"page","link":"https:\/\/www.iv-milch.de\/?page_id=20","title":{"rendered":"Termine"},"content":{"rendered":"\n<div class=\"wp-block-group\"><div class=\"wp-block-group__inner-container is-layout-flow wp-block-group-is-layout-flow\"><\/div><\/div>\n\n\n\n<p><strong>Terminvorschau 2026<\/strong><\/p>\n\n\n\n<ul class=\"wp-block-list\">\n<li><strong>Berliner Milchforum am 12.\/13. M\u00e4rz 2026 <\/strong>im TITANIC Hotel Berlin<br>Anmeldung \u00fcber die Webseite von DBV und MIV, bis 15. Febr. gibt es eine Fr\u00fchbucherrate<br><br><\/li>\n\n\n\n<li><strong>IVM Fachexkursion nach Polen am 16.\/17.\/18. M\u00e4rz 2026<\/strong><br>Programm und Anmeldung zur Exkursion werden Anfang Februar ver\u00f6ffentlicht.<br><br><\/li>\n\n\n\n<li><strong><strong>Veranstaltung zum 35. Jahrestag der Gr\u00fcndung des IVM<\/strong><\/strong><br>(nur f\u00fcr Mitglieder)<br>Termin: 19. Mai 2026, 17.00 Uhr<br>Ort: Heimvolkshochschule am Seddiner See, Seeweg 2, 14554 Seddiner See<br><br><\/li>\n\n\n\n<li><strong>\u00d6ffentliche IVM Fachtagung am 20. Mai 2026<\/strong><br>Termin: 20. Mai 2026, 10.00 Uhr<strong><br><\/strong>Ort: Heimvolkshochschule am Seddiner See, Seeweg 2, 14554 Seddiner See<br>Das Programm und die Anmeldung werden rechtzeitig ver\u00f6ffentlicht.<br><br><\/li>\n\n\n\n<li><strong>IVM Jahrestagung und Mitgliederversammlung 2026<\/strong><br>(nur f\u00fcr Mitglieder)<br>Termin: 05. und 06. November 2026<br>Ort: Hotel Neptun, Rostock-Warnem\u00fcnde, Seestra\u00dfe 19<br>Die Jahrestagung findet wie angek\u00fcndigt am Donnerstag, den 05. November und<br>am Freitag, den 06. November 2026 in Rostock-Warnem\u00fcnde statt.<br>Exkursionsbetrieb: Landwirtschaftlicher Milchhof \u201eAm Recknitztal\u201c eG<br><br><\/li>\n<\/ul>\n\n\n\n<p><br><\/p>\n","protected":false},"excerpt":{"rendered":"<p>Terminvorschau 2026<\/p>\n","protected":false},"author":2,"featured_media":0,"parent":0,"menu_order":2,"comment_status":"closed","ping_status":"closed","template":"","meta":{"footnotes":""},"class_list":["post-20","page","type-page","status-publish","hentry"],"_links":{"self":[{"href":"https:\/\/www.iv-milch.de\/index.php?rest_route=\/wp\/v2\/pages\/20","targetHints":{"allow":["GET"]}}],"collection":[{"href":"https:\/\/www.iv-milch.de\/index.php?rest_route=\/wp\/v2\/pages"}],"about":[{"href":"https:\/\/www.iv-milch.de\/index.php?rest_route=\/wp\/v2\/types\/page"}],"author":[{"embeddable":true,"href":"https:\/\/www.iv-milch.de\/index.php?rest_route=\/wp\/v2\/users\/2"}],"replies":[{"embeddable":true,"href":"https:\/\/www.iv-milch.de\/index.php?rest_route=%2Fwp%2Fv2%2Fcomments&post=20"}],"version-history":[{"count":104,"href":"https:\/\/www.iv-milch.de\/index.php?rest_route=\/wp\/v2\/pages\/20\/revisions"}],"predecessor-version":[{"id":631,"href":"https:\/\/www.iv-milch.de\/index.php?rest_route=\/wp\/v2\/pages\/20\/revisions\/631"}],"wp:attachment":[{"href":"https:\/\/www.iv-milch.de\/index.php?rest_route=%2Fwp%2Fv2%2Fmedia&parent=20"}],"curies":[{"name":"wp","href":"https:\/\/api.w.org\/{rel}","templated":true}]}}