{"id":209,"date":"2015-07-29T15:48:55","date_gmt":"2015-07-29T13:48:55","guid":{"rendered":"http:\/\/www.iv-milch.de\/?page_id=209"},"modified":"2016-02-10T19:12:48","modified_gmt":"2016-02-10T17:12:48","slug":"2015-2","status":"publish","type":"page","link":"https:\/\/www.iv-milch.de\/?page_id=209","title":{"rendered":"2015"},"content":{"rendered":"<p>&nbsp;<\/p>\n<ul>\n<li><strong>IVM Jahrestagung 2015 in G\u00fcstrow<\/strong><\/li>\n<\/ul>\n<p>Zur IVM Jahrestagung 2015 am 05.\/06. November in G\u00fcstrow besuchten gut 100 Fachleute aus IVM Mitgliedsunternehmen die Milchviehanlage im Gut Hohen Luckow und die 1232er Milchviehanlage im IVM Mitgliedsbetrieb Agrofarm e.G. L\u00fcssow.<br \/>\nIm Rahmen der IVM Betriebsauswertung standen die Leistungsentwicklung und die Reproduktion der Milchkuhbest\u00e4nde in den Mitgliedsbetrieben im Mittelpunkt.<br \/>\nFachlich unterst\u00fctzt wurde der Meinungsaustausch durch Vortr\u00e4ge von Dr. Sabine Kr\u00fcger, Gesch\u00e4ftsf\u00fchrerin RinderAllianz GmbH und Dr. Stephan Hartwig, Gesch\u00e4ftsf\u00fchrer Landeskontrollverband Mecklenburg-Vorpommern.<br \/>\nWesentlich beigetragen zum sehr guten Gelingen der IVM Jahrestagung 2015 hat das Team des Tagungshotels \u201eKurhaus am Inselsee\u201c in G\u00fcstrow sowie der sehr gut vorbereitete Erfahrungsaustausch in unserem Mitgliedsbetrieb Agrofarm e.G. L\u00fcssow.<\/p>\n<p>Artikel Bauernzeitung: Pro Kuh und Jahr 1 000 Euro weniger; Dr. Klaus Siegmund<br \/>\nArtikel <a href=\"https:\/\/www.iv-milch.de\/pdf\/2015\/BZ_Interview_Siegmund.pdf\" target=\"_blank\">als PDF<\/a> <em>BZ_Interview_Siegmund.pdf<\/em><\/p>\n<p>&nbsp;<\/p>\n<ul>\n<li><strong>\u00d6ffentliche IVM Fachtagung 2015 in der Heimvolkshochschule am Seddiner See<\/strong><\/li>\n<\/ul>\n<p>Die nunmehr 4. \u00d6ffentliche IVM Fachtagung war mit 150 Fachleuten wiederum gut besucht. Im Mittelpunkt stand das Thema \u201eFit f\u00fcr den Milchmarkt von morgen\u201c. Die nachfolgenden Presseartikel geben einen \u00dcberblick zum Inhalt der Referate und zur Diskussion.<br \/>\nAm Vorabend der Fachtagung fand traditionell ein agrarpolitischer Erfahrungsaustausch der IVM Mitglieder mit Fachleuten aus Politik und Wirtschaft statt. Als G\u00e4ste eingeladen waren in diesem Jahr der Hauptgesch\u00e4ftsf\u00fchrer des Milchindustrieverbandes (MIV), Eckhard Heuser, und der Vorsitzende des ife Instituts Kiel, Erhard Richarts.<\/p>\n<p>Artikel Bauernzeitung: Fit f\u00fcr den freien Markt? Fritz Fleege<br \/>\nArtikel <a href=\"https:\/\/www.iv-milch.de\/pdf\/2015\/IVM-Tagung_BZ_2015.pdf\" target=\"_blank\">als PDF<\/a> <em>IVM-Tagung_BZ_2015.pdf<\/em><\/p>\n<p>Meldung AGRA-EUROPE: Besserung am Milchmarkt derzeit nicht absehbar<br \/>\nArtikel <a href=\"https:\/\/www.iv-milch.de\/pdf\/2015\/AgE_FT_2015.pdf\" target=\"_blank\">als PDF<\/a> <em>AgE_FT_2015.pdf<\/em><\/p>\n","protected":false},"excerpt":{"rendered":"<p>&nbsp; IVM Jahrestagung 2015 in G\u00fcstrow Zur IVM Jahrestagung 2015 am 05.\/06. November in G\u00fcstrow besuchten gut 100 Fachleute aus IVM Mitgliedsunternehmen die Milchviehanlage im Gut Hohen Luckow und die 1232er Milchviehanlage im IVM Mitgliedsbetrieb Agrofarm e.G. L\u00fcssow. Im Rahmen der IVM Betriebsauswertung standen die Leistungsentwicklung und die Reproduktion der Milchkuhbest\u00e4nde in den Mitgliedsbetrieben im [&hellip;]<\/p>\n","protected":false},"author":1,"featured_media":0,"parent":36,"menu_order":15,"comment_status":"closed","ping_status":"closed","template":"","meta":{"footnotes":""},"class_list":["post-209","page","type-page","status-publish","hentry"],"_links":{"self":[{"href":"https:\/\/www.iv-milch.de\/index.php?rest_route=\/wp\/v2\/pages\/209","targetHints":{"allow":["GET"]}}],"collection":[{"href":"https:\/\/www.iv-milch.de\/index.php?rest_route=\/wp\/v2\/pages"}],"about":[{"href":"https:\/\/www.iv-milch.de\/index.php?rest_route=\/wp\/v2\/types\/page"}],"author":[{"embeddable":true,"href":"https:\/\/www.iv-milch.de\/index.php?rest_route=\/wp\/v2\/users\/1"}],"replies":[{"embeddable":true,"href":"https:\/\/www.iv-milch.de\/index.php?rest_route=%2Fwp%2Fv2%2Fcomments&post=209"}],"version-history":[{"count":5,"href":"https:\/\/www.iv-milch.de\/index.php?rest_route=\/wp\/v2\/pages\/209\/revisions"}],"predecessor-version":[{"id":221,"href":"https:\/\/www.iv-milch.de\/index.php?rest_route=\/wp\/v2\/pages\/209\/revisions\/221"}],"up":[{"embeddable":true,"href":"https:\/\/www.iv-milch.de\/index.php?rest_route=\/wp\/v2\/pages\/36"}],"wp:attachment":[{"href":"https:\/\/www.iv-milch.de\/index.php?rest_route=%2Fwp%2Fv2%2Fmedia&parent=209"}],"curies":[{"name":"wp","href":"https:\/\/api.w.org\/{rel}","templated":true}]}}