{"id":22,"date":"2014-01-20T21:21:53","date_gmt":"2014-01-20T19:21:53","guid":{"rendered":"http:\/\/www.iv-milch.de\/?page_id=22"},"modified":"2026-01-15T18:38:06","modified_gmt":"2026-01-15T16:38:06","slug":"teasga","status":"publish","type":"page","link":"https:\/\/www.iv-milch.de\/?page_id=22","title":{"rendered":"Verband"},"content":{"rendered":"<p><strong>Der Interessenverband der Milcherzeugerbetriebe e.V.<\/strong><\/p>\n<p>Der Interessenverband der Milcherzeugerbetriebe e.V., kurz Interessenverband Milcherzeuger (IVM), wurde am 03. April 1991 in Berlin gegr\u00fcndet und unterh\u00e4lt seitdem in Berlin eine kleine Gesch\u00e4ftsstelle. Mitgliedsunternehmen sind gro\u00dfe und professionell gemanagte ostdeutsche Milcherzeugerbetriebe, darunter insbesondere solche mit einer \u00e4hnlichen technologischen Basis. Die heute modern rekonstruierten oder neu errichteten Milchviehanlagen sind zumeist aus ehemaligen Typenanlagen 1930er, 1232er oder weiteren hervorgegangen.<br \/>\nNeben Milcherzeugerbetrieben sind im IVM Unternehmen aus den vor- und nachgelagerten Bereichen der Milcherzeugung als F\u00f6rdermitglieder sowie Fachexperten als Einzelmitglieder organisiert. \u00dcber die Aufnahme neuer Mitglieder entscheidet der Vorstand auf Antrag.<br \/>\nDer Interessenverband Milcherzeuger e.V. ist in erster Linie ein Fachverband mit der Zielstellung, den Mitgliedern ein Podium und zudem ein Netzwerk zum Erfahrungsaustausch im weitesten Sinne zu bieten.<br \/>\nEin wichtiger Baustein des Erfahrungsaustausches ist die j\u00e4hrliche IVM Betriebsauswertung mit dem Vergleich wichtiger Kennziffern der Milchproduktion sowie dem Meinungsaustausch zu betrieblichen Vorhaben und erfolgreichen Investitionen.<br \/>\nDer Verband sieht sich laut Satzung auch als Interessenvertretung gro\u00dfer Milcherzeuger gegen\u00fcber Entscheidungstr\u00e4gern aus Politik und Wirtschaft. In die Meinungsbildung zur zuk\u00fcnftigen Milchpolitik der Ampelkoalition wird sich der IVM verst\u00e4rkt einbringen.<br \/>\nDer Verband sowie seine Mitgliedsunternehmen und Mitglieder sind zunehmend auch Ansprechpartner in und Initiatoren von Expertenrunden zur zuk\u00fcnftigen Entwicklung der gro\u00dfstrukturierten ostdeutschen Milchproduktion, zuletzt insbesondere bei der Umsetzung von Vorschl\u00e4gen der Borchert Kommission zu Tierwohlkriterien in Milchviehanlagen.<br \/>\nUnter dem Motto \u201eErfahrungen austauschen, ist noch immer die beste Investition\u201c richtet der Interessenverband Milcherzeuger e.V. j\u00e4hrlich eine zweit\u00e4gige Jahrestagung aus, einschlie\u00dflich Betriebsbesichtigungen in Mitgliedsbetrieben bzw. in \u00e4hnlichen Unternehmen mit modernen Milchviehanlagen. Auf diesen Tagungen stehen aktuelle Themen aus Wissenschaft, Forschung und Praxis sowie der Agrarpolitik im Mittelpunkt des Meinungsaustausches mit renommierten Referenten.<br \/>\nMehrere Fachexkursionen im Jahr in Unternehmen mit innovativen Milchviehanlagen sind ebenfalls Bestandteil der Arbeit des Interessenverbandes.<br \/>\nNeben den vereinsinternen Jahrestagungen und Fachexkursionen richtet der Verband \u00f6ffentliche Fachtagungen aus, deren Themen auf das Management gro\u00dfer Milchviehanlagen zugeschnitten sind. Der Interessenverband Milcherzeuger hat in den letzten Jahren seinen Mitgliedsbestand zielgerichtet erweitert. Die Zahl seiner Mitglieder hat sich seit 2010 mehr als verdoppelt.<\/p>\n<p><strong>Der Vorstand des IVM \/ Ansprechpartner<\/strong><\/p>\n<p><strong>Gesch\u00e4ftsf\u00fchrender Vorstand<\/strong><br \/>\nStefan Rothe, Vorsitzender<br \/>\nGesch\u00e4ftsf\u00fchrer Bauerngesellschaft Ziltendorfer Niederung GbR<br \/>\nTel.: 033609 283 \/ E-Mail: s.rothe@bauerngesellschaft.de<\/p>\n<p>Dr. Florian Schmidt, Stellvertretender Vorsitzender<br \/>\nVorstandsvorsitzender Agrargenossenschaft Niederp\u00f6llnitz eG<br \/>\nTel.: 036607 5100 \/ E-Mail: f.schmidt@agrareg-niederpoellnitz.de<\/p>\n<p>Dr. Klaus Siegmund, Gesch\u00e4ftsf\u00fchrer<br \/>\nTel.: 0173 8590730 \/ E-Mail: sieg@iv-milch.de<\/p>\n<p>Silvio Reimann<br \/>\nGesch\u00e4ftsf\u00fchrer Milch-Land GmbH Veilsdorf<br \/>\nTel.: 03685 68790 \/ E-Mail: milareisi@milchlandveilsdorf.de<\/p>\n<p>Silvio Griepentrog<br \/>\nGesch\u00e4ftsf\u00fchrer Landwirtschaftsbetrieb Griepentrog KG Steinhagen<br \/>\nTel.: 038461 3751 \/ E-Mail: silvio@lwb-griepentrog.de<\/p>\n<p><strong>Erweiterter Vorstand<\/strong><\/p>\n<p>Frank Illing<br \/>\nTel.: 0172 7973073 \/ E-Mail: illingfrank@web.de<\/p>\n<p>PD Dr. habil. Anke R\u00f6mer<br \/>\nInstitut f\u00fcr Tierproduktion der LFA MV<br \/>\nTel.: 0382 08630317 \/ E-Mail: a.roemer@lfa.mvnet.de<\/p>\n<p>RA Constanze Nehls<br \/>\nTel.: 030 44 33 44 33 \/ E-Mail: c.nehls@iv-milch.de<\/p>\n<p>Tina Teichert<br \/>\nVorstand BUDISSA Agrarprodukte AG<br \/>\nTel.: 03591 6290 \/ E-Mail: tina.teichert@budissa-ag.de<\/p>\n<p>Christian Schmidt<br \/>\nTel.: 0171 2415773 \/ E-Mail: ch-schmidt@t-online.de<\/p>\n","protected":false},"excerpt":{"rendered":"<p>Der Interessenverband der Milcherzeugerbetriebe e.V. Der Interessenverband der Milcherzeugerbetriebe e.V., kurz Interessenverband Milcherzeuger (IVM), wurde am 03. April 1991 in Berlin gegr\u00fcndet und unterh\u00e4lt seitdem in Berlin eine kleine Gesch\u00e4ftsstelle. Mitgliedsunternehmen sind gro\u00dfe und professionell gemanagte ostdeutsche Milcherzeugerbetriebe, darunter insbesondere solche mit einer \u00e4hnlichen technologischen Basis. Die heute modern rekonstruierten oder neu errichteten Milchviehanlagen sind [&hellip;]<\/p>\n","protected":false},"author":2,"featured_media":0,"parent":0,"menu_order":1,"comment_status":"closed","ping_status":"closed","template":"","meta":{"footnotes":""},"class_list":["post-22","page","type-page","status-publish","hentry"],"_links":{"self":[{"href":"https:\/\/www.iv-milch.de\/index.php?rest_route=\/wp\/v2\/pages\/22","targetHints":{"allow":["GET"]}}],"collection":[{"href":"https:\/\/www.iv-milch.de\/index.php?rest_route=\/wp\/v2\/pages"}],"about":[{"href":"https:\/\/www.iv-milch.de\/index.php?rest_route=\/wp\/v2\/types\/page"}],"author":[{"embeddable":true,"href":"https:\/\/www.iv-milch.de\/index.php?rest_route=\/wp\/v2\/users\/2"}],"replies":[{"embeddable":true,"href":"https:\/\/www.iv-milch.de\/index.php?rest_route=%2Fwp%2Fv2%2Fcomments&post=22"}],"version-history":[{"count":17,"href":"https:\/\/www.iv-milch.de\/index.php?rest_route=\/wp\/v2\/pages\/22\/revisions"}],"predecessor-version":[{"id":639,"href":"https:\/\/www.iv-milch.de\/index.php?rest_route=\/wp\/v2\/pages\/22\/revisions\/639"}],"wp:attachment":[{"href":"https:\/\/www.iv-milch.de\/index.php?rest_route=%2Fwp%2Fv2%2Fmedia&parent=22"}],"curies":[{"name":"wp","href":"https:\/\/api.w.org\/{rel}","templated":true}]}}