{"id":235,"date":"2016-08-22T06:59:16","date_gmt":"2016-08-22T04:59:16","guid":{"rendered":"http:\/\/www.iv-milch.de\/?page_id=235"},"modified":"2017-01-23T21:07:23","modified_gmt":"2017-01-23T19:07:23","slug":"2016-2","status":"publish","type":"page","link":"https:\/\/www.iv-milch.de\/?page_id=235","title":{"rendered":"2016"},"content":{"rendered":"<p>&nbsp;<\/p>\n<ul>\n<li><strong>IVM Jahrestagung 2016 in Chemnitz<\/strong><\/li>\n<\/ul>\n<p>Die IVM Jahrestagung 2016 fand in Sachsen statt. Tagungsort war das G\u00fcnnewig Hotel Chemnitzer Hof in Chemnitz, wo sich am 03.\/04. November gut 100 Mitglieder und eingeladene Fachleute versammelten.<br \/>\nIn der IVM Betriebsauswertung f\u00fcr das Jahr 2016 standen die K\u00e4lberaufzucht und K\u00e4lbergesundheit in den Mitgliedsbetrieben im Mittelpunkt.<br \/>\nDer Meinungsaustausch zum Betriebsvergleich und das anschlie\u00dfende Fachprogramm wurde unterst\u00fctzt durch Vortr\u00e4ge von Ingo Heber, S\u00e4chsisches Landesamt f\u00fcr Umwelt, Landwirtschaft und Geologie, von Prof. Dr. J\u00f6rg Hilger, Gesch\u00e4ftsf\u00fchrer des S\u00e4chsischen Landeskontrollverbandes und von Prof. Dr. Alexander Starke, Universit\u00e4t Leipzig, Medizinische Tierklinik.<br \/>\nIn der IVM Mitgliederversammlung wurden vier neue Mitglieder aufgenommen, zwei Milcherzeugerbetriebe, ein F\u00f6rdermitglied sowie ein Pers\u00f6nliches Mitglied.<br \/>\nDie Fachexkursionen in die MVA unserer Mitgliedsbetriebe Agrar GmbH Zschopautal (1930er Milchviehanlage) und die AGRO-Produkt GmbH Leubsdorf (neuerrichtete 1600er Milchviehanlage) waren von diesen sehr gut vorbereitet und sicherten einen regen Erfahrungsaustausch.<br \/>\nWesentlich beigetragen zum sehr guten Gelingen der IVM Jahrestagung 2016 hat das Team des G\u00fcnnewig Hotel Chemnitzer Hof in Chemnitz.<\/p>\n<p>Artikel Bauernzeitung: Tierwohl und Leistung im Einklang; Fritz Fleege<br \/>\nArtikel <a href=\"https:\/\/www.iv-milch.de\/pdf\/2016\/BZ2016_46.pdf\" target=\"_blank\">als PDF<\/a> <em>als PDF<\/em><\/p>\n<ul>\n<li><strong>IVM Fachexkursion<\/strong><\/li>\n<\/ul>\n<p>Artikel Fachmagazin agrarmanager: Robotertechnik mit Abschleppdienst; Sabine Leopold<br \/>\nArtikel <a href=\"https:\/\/www.iv-milch.de\/pdf\/2016\/am_4_2016_GEA.pdf\" target=\"_blank\">als PDF<\/a> <em>als PDF<\/em><\/p>\n<ul>\n<li><strong>\u00d6ffentliche IVM Fachtagung 2016<\/strong><\/li>\n<\/ul>\n<p>Die nunmehr 5. \u00d6ffentliche IVM Fachtagung in der Heimvolkshochschule am Seddiner See war mit 150 Fachleuten wiederum gut besucht. Im Mittelpunkt stand das Thema \u201eMilcherzeugung im Spannungsfeld von Politik, Markt und \u00d6ffentlichkeit\u201c. Die Presseartikel geben einen \u00dcberblick zum Inhalt der Referate und zur Diskussion.<br \/>\nAm Vorabend der Fachtagung fand traditionell ein agrarpolitischer Erfahrungsaustausch der IVM Mitglieder mit Fachleuten aus Politik und Wirtschaft statt.<br \/>\nAn diesem Abend begingen die IVM Mitglieder gemeinsam mit ihren G\u00e4sten gleichzeitig im festlichen Rahmen den 25. Jahrestag der Gr\u00fcndung ihres Fachverbandes.<\/p>\n<p>Artikel Bauernzeitung: Auch die Gro\u00dfen k\u00e4mpfen mit den kleinen Preisen; Fritz Fleege<br \/>\nArtikel <a href=\"https:\/\/www.iv-milch.de\/pdf\/2016\/bau_24_2016_FT.pdf\" target=\"_blank\">als PDF<\/a> <em>als PDF<\/em><\/p>\n<p>Artikel Fachmagazin agrarmanager: MILCHKRISE: Wie darauf reagieren? Dr. Barbara Hentschel<br \/>\nArtikel <a href=\"https:\/\/www.iv-milch.de\/pdf\/2016\/am_7_2016_FT.pdf\" target=\"_blank\">als PDF<\/a> <em>als PDF<\/em><\/p>\n<ul>\n<li><strong>IVM Betriebsvergleich 2015<\/strong><\/li>\n<\/ul>\n<p>Artikel Fachmagazin agrarmanager: Weniger Geld trotz hoher Leistungen; Dr. Klaus Siegmund<br \/>\nArtikel <a href=\"https:\/\/www.iv-milch.de\/pdf\/2016\/am_3_2016_JT.pdf\" target=\"_blank\">als PDF<\/a> <em>als PDF<\/em><\/p>\n","protected":false},"excerpt":{"rendered":"<p>&nbsp; IVM Jahrestagung 2016 in Chemnitz Die IVM Jahrestagung 2016 fand in Sachsen statt. Tagungsort war das G\u00fcnnewig Hotel Chemnitzer Hof in Chemnitz, wo sich am 03.\/04. November gut 100 Mitglieder und eingeladene Fachleute versammelten. In der IVM Betriebsauswertung f\u00fcr das Jahr 2016 standen die K\u00e4lberaufzucht und K\u00e4lbergesundheit in den Mitgliedsbetrieben im Mittelpunkt. Der Meinungsaustausch [&hellip;]<\/p>\n","protected":false},"author":1,"featured_media":0,"parent":36,"menu_order":14,"comment_status":"closed","ping_status":"closed","template":"","meta":{"footnotes":""},"class_list":["post-235","page","type-page","status-publish","hentry"],"_links":{"self":[{"href":"https:\/\/www.iv-milch.de\/index.php?rest_route=\/wp\/v2\/pages\/235","targetHints":{"allow":["GET"]}}],"collection":[{"href":"https:\/\/www.iv-milch.de\/index.php?rest_route=\/wp\/v2\/pages"}],"about":[{"href":"https:\/\/www.iv-milch.de\/index.php?rest_route=\/wp\/v2\/types\/page"}],"author":[{"embeddable":true,"href":"https:\/\/www.iv-milch.de\/index.php?rest_route=\/wp\/v2\/users\/1"}],"replies":[{"embeddable":true,"href":"https:\/\/www.iv-milch.de\/index.php?rest_route=%2Fwp%2Fv2%2Fcomments&post=235"}],"version-history":[{"count":3,"href":"https:\/\/www.iv-milch.de\/index.php?rest_route=\/wp\/v2\/pages\/235\/revisions"}],"predecessor-version":[{"id":246,"href":"https:\/\/www.iv-milch.de\/index.php?rest_route=\/wp\/v2\/pages\/235\/revisions\/246"}],"up":[{"embeddable":true,"href":"https:\/\/www.iv-milch.de\/index.php?rest_route=\/wp\/v2\/pages\/36"}],"wp:attachment":[{"href":"https:\/\/www.iv-milch.de\/index.php?rest_route=%2Fwp%2Fv2%2Fmedia&parent=235"}],"curies":[{"name":"wp","href":"https:\/\/api.w.org\/{rel}","templated":true}]}}