{"id":312,"date":"2018-12-18T18:52:32","date_gmt":"2018-12-18T16:52:32","guid":{"rendered":"http:\/\/www.iv-milch.de\/?page_id=312"},"modified":"2019-04-14T10:20:15","modified_gmt":"2019-04-14T08:20:15","slug":"2018-2","status":"publish","type":"page","link":"https:\/\/www.iv-milch.de\/?page_id=312","title":{"rendered":"2018"},"content":{"rendered":"<ul>\n<li><strong>\u00d6ffentliche IVM Fachtagung 2018<\/strong><\/li>\n<\/ul>\n<p>Umfassendes Thema der 7. \u00d6ffentlichen IVM Fachtagung in der Heimvolkshochschule am Seddiner See war \u201eWie stellen wir uns Landwirtschaft in der Zukunft vor\u201c. Renommierte Referenten gaben insbesondere f\u00fcr die Milchproduktion einen Ausblick. \u00dcbergreifend f\u00fcr die gesamte Branche und dar\u00fcber hinaus stellte der Zukunftsforscher Dr. Eike Wenzel Schl\u00fcsseltrends vor \u201ewie wir morgen leben werden\u201c und zog Schlussfolgerungen f\u00fcr die Landwirtschaft.<br \/>\nZur traditionellen Agrarpolitischen Diskussionsrunde am Vorabend tauschten die IVM Mitglieder mit dem DBV Milchpr\u00e4sidenten Karsten Schmal und mit dem Hauptgesch\u00e4ftsf\u00fchrer des Lebensmitteleinzelhandelsverbandes Franz Rausch ihre Meinungen aus.<\/p>\n<p>Artikel Bauernzeitung: Mit Megatrends planen; Bettina Karl<br \/>\nArtikel <a href=\"https:\/\/www.iv-milch.de\/pdf\/2018\/BauZ2018_26_FT.pdf\" target=\"_blank\" rel=\"noopener\">als PDF<\/a> <em>als PDF<\/em><\/p>\n<ul>\n<li><strong>IVM Jahrestagung 2018 in Bad Saarow<\/strong><\/li>\n<\/ul>\n<p>Die IVM Jahrestagung 2018 fand im Hotel ESPLANADE im brandenburgischen Bad Saarow statt. Wie in den Vorjahren nahmen an dem Erfahrungsaustausch des IVM rund 110 Mitglieder, Fachreferenten und G\u00e4ste teil.<br \/>\nDer Meinungsaustausch im Rahmen des internen IVM Betriebsvergleichs war 2018 besonders intensiv, ein Schwerpunktthema war die wirtschaftliche Situation in den Mitgliedsbetrieben nach dem trockenen und hei\u00dfen Sommer. In den n\u00e4chsten Jahren soll der IVM Betriebsvergleich inhaltlich erweitert werden.<br \/>\nDie IVM Mitgliederversammlung hat nach der Entlastung des Vorstandes den IVM Vorstand f\u00fcr die n\u00e4chsten drei Jahre gew\u00e4hlt. Die bisherigen Vorstandsmitglieder haben sich wieder zur Wahl gestellt und wurden ohne Gegenstimme wieder gew\u00e4hlt. Vorstandsvorsitzender ist Christian Schmidt, Stellvertretender Vorsitzender Frank Illing, Gesch\u00e4ftsf\u00fchrer Dr. Klaus Siegmund. Weitere Vorstandsmitglieder sind Silvio Griepentrog, Silvio Reimann, Dr. Anke R\u00f6mer und Regina Hundt (Schatzmeisterin).<br \/>\nGrundlage f\u00fcr den fachlichen Meinungsaustausch zum Thema \u201eWie lassen sich betriebliche Kennzahlen besser nutzen\u201c waren Referate von Dr. Manfred Hammel (LKV BB) und Dr. Matthias Simon (Rinderproduktion BB). Fazit: In den Betrieben gibt es dahingehend noch Reserven.<br \/>\nDie Fachexkursion am zweiten Tag der Jahrestagung ging in die 2015 neu errichtete Milchviehanlage mit 2.500 Pl\u00e4tzen in Wiesenau. Die beiden Betriebsleiter des Unternehmens Bauerngesellschaft Ziltendorfer Niederung GbR, Roman Reinke und Stefan Rothe, erl\u00e4uterten die Planung und den Bau der MVA sowie die derzeitige Situation im Milchviehbetrieb und gaben einen Ausblick zu den anspruchsvollen Zielen in den n\u00e4chsten Jahren.<br \/>\nDie gut 100 Teilnehmer an der Fachexkursion waren von der Organisation und den Ergebnissen der Milchviehanlage beeindruckt. Das war ein guter Ausklang der insgesamt sehr gelungenen IVM Jahrestagung, woran auch das Team des Hotels ESPLANADE einen gro\u00dfen Anteil hatte.<\/p>\n<p>Artikel Bauernzeitung: Mut geholt zur Investition; Fritz Fleege<br \/>\nArtikel <a href=\"https:\/\/www.iv-milch.de\/pdf\/2018\/BauZ2018_46_JT.pdf\" target=\"_blank\" rel=\"noopener\">als PDF<\/a> <em>als PDF<\/em><\/p>\n<p>Artikel Bauernzeitung: Lange Nutzungsdauer, hohe Milchleistung; Dr. Klaus Siegmund<br \/>\nArtikel <a href=\"https:\/\/www.iv-milch.de\/pdf\/2018\/BauZ2018_50_JT.pdf\" target=\"_blank\" rel=\"noopener\">als PDF<\/a> <em>als PDF<\/em><\/p>\n<p>Artikel Bauernzeitung: Der n\u00e4chste Sommer kommt bestimmt; Dr. Anke R\u00f6mer, Christiane Hansen, Marion Giese<br \/>\nArtikel <a href=\"https:\/\/www.iv-milch.de\/pdf\/2019\/BauZ2019_01_JT.pdf\" target=\"_blank\" rel=\"noopener\">als PDF<\/a> <em>als PDF<\/em><\/p>\n","protected":false},"excerpt":{"rendered":"<p>\u00d6ffentliche IVM Fachtagung 2018 Umfassendes Thema der 7. \u00d6ffentlichen IVM Fachtagung in der Heimvolkshochschule am Seddiner See war \u201eWie stellen wir uns Landwirtschaft in der Zukunft vor\u201c. Renommierte Referenten gaben insbesondere f\u00fcr die Milchproduktion einen Ausblick. \u00dcbergreifend f\u00fcr die gesamte Branche und dar\u00fcber hinaus stellte der Zukunftsforscher Dr. Eike Wenzel Schl\u00fcsseltrends vor \u201ewie wir morgen [&hellip;]<\/p>\n","protected":false},"author":1,"featured_media":0,"parent":36,"menu_order":12,"comment_status":"closed","ping_status":"closed","template":"","meta":{"footnotes":""},"class_list":["post-312","page","type-page","status-publish","hentry"],"_links":{"self":[{"href":"https:\/\/www.iv-milch.de\/index.php?rest_route=\/wp\/v2\/pages\/312","targetHints":{"allow":["GET"]}}],"collection":[{"href":"https:\/\/www.iv-milch.de\/index.php?rest_route=\/wp\/v2\/pages"}],"about":[{"href":"https:\/\/www.iv-milch.de\/index.php?rest_route=\/wp\/v2\/types\/page"}],"author":[{"embeddable":true,"href":"https:\/\/www.iv-milch.de\/index.php?rest_route=\/wp\/v2\/users\/1"}],"replies":[{"embeddable":true,"href":"https:\/\/www.iv-milch.de\/index.php?rest_route=%2Fwp%2Fv2%2Fcomments&post=312"}],"version-history":[{"count":3,"href":"https:\/\/www.iv-milch.de\/index.php?rest_route=\/wp\/v2\/pages\/312\/revisions"}],"predecessor-version":[{"id":327,"href":"https:\/\/www.iv-milch.de\/index.php?rest_route=\/wp\/v2\/pages\/312\/revisions\/327"}],"up":[{"embeddable":true,"href":"https:\/\/www.iv-milch.de\/index.php?rest_route=\/wp\/v2\/pages\/36"}],"wp:attachment":[{"href":"https:\/\/www.iv-milch.de\/index.php?rest_route=%2Fwp%2Fv2%2Fmedia&parent=312"}],"curies":[{"name":"wp","href":"https:\/\/api.w.org\/{rel}","templated":true}]}}