{"id":353,"date":"2019-12-11T20:41:27","date_gmt":"2019-12-11T18:41:27","guid":{"rendered":"http:\/\/www.iv-milch.de\/?page_id=353"},"modified":"2019-12-11T20:46:15","modified_gmt":"2019-12-11T18:46:15","slug":"2019-2","status":"publish","type":"page","link":"https:\/\/www.iv-milch.de\/?page_id=353","title":{"rendered":"2019"},"content":{"rendered":"<ul>\n<li><strong>\u00d6ffentliche IVM Fachtagung 2019<\/strong><\/li>\n<\/ul>\n<p>Umfassendes Thema der 8. \u00d6ffentlichen IVM Fachtagung in der Heimvolkshochschule am Seddiner See war <strong>\u201eZukunftstechnologien in der Milchviehhaltung <\/strong><strong>\u2022 Praxiserfahrungen, Trends, gesellschaftliche Akzeptanz\u201c<\/strong>. <br \/>Die neuesten technologischen Entwicklungen in der Milcherzeugung und ihre Praxisrelevanz standen im Mittelpunkt des nun schon traditionellen IVM Milchforums Ende Mai bzw. Anfang Juni jeden Jahres.<br \/>Nach einem wissenschaftlichen \u00dcberblick von <em>Prof. Heinz Bernhardt<\/em> von der Technischen Universit\u00e4t M\u00fcnchen stellten f\u00fchrende Melktechnikhersteller ihre Innovationen vor, immer einschlie\u00dflich erster konkreter Ergebnisse des Einsatzes in der Milcherzeugung. In dem zweiten Teil der Tagung ging es um das Management der wachsenden Datenmengen in den Milchviehst\u00e4llen.<br \/>Zur 8. IVM Fachtagung am Seddiner See kamen 200 Fachleute. Das waren so viel wie noch nie, wobei ein ganzer Teil der Anmeldungen aus Platzgr\u00fcnden nicht ber\u00fccksichtigt werden konnte.<br \/>Wie in jedem Jahr waren zur internen abendlichen IVM Diskussionsrunde am Vorabend der Fachtagung Experten eingeladen. Thema in diesem Jahr war <strong>\u201eModerne Milchviehhaltung, Ambivalenzen, gesellschaftliche Akzeptanz und \u00d6ffentlichkeitsarbeit\u201c<\/strong> mit Dr. <em>Michael Lohse<\/em> (Vorsitzender des VDAJ Berlin\/Brandenburg), <em>Ralf Stephan<\/em> (Chefredakteur der Bauernzeitung) sowie <em>Lea Flie\u00df<\/em> (Gesch\u00e4ftsf\u00fchrerin des Forum Moderne Landwirtschaft) standen renommierte Journalisten und \u00d6ffentlichkeitsarbeiter als Diskussionspartner zur Verf\u00fcgung.<\/p>\n<p>Artikel Bauernzeitung: Wie weiter mit der Melktechnik? ; Fritz Fleege<\/p>\n<p>Artikel <a href=\"https:\/\/www.iv-milch.de\/pdf\/2019\/BauZ2019_25_FT.pdf\"><u>als PDF<\/u><\/a><\/p>\n<p>\u00a0<\/p>\n<ul>\n<li><strong>IVM Jahrestagung 2019 in Zeulenroda<\/strong><\/li>\n<\/ul>\n<p>Die th\u00fcringische Stadt Zeulenroda war Veranstaltungsort der IVM Jahrestagung 2019. Dort trafen sich rund 120 IVM Mitglieder und G\u00e4ste im dortigen Bio-Seehotel. Dieses war bestens geeignet f\u00fcr einen konstruktiven Meinungsaustausch.<\/p>\n<p>Im Mittelpunkt des Fachprogramms stand das f\u00fcr eine wirtschaftliche Milcherzeugung viel zu niedrige Milchpreisniveau. Ein Thema, das alle Milcherzeuger gegenw\u00e4rtig und zuk\u00fcnftig immer st\u00e4rker bewegt.<\/p>\n<p>Zum Thema <strong>\u201eStrategien f\u00fcr nachhaltige Milchpreise\u201c<\/strong> hatte der IVM Vertreter aus f\u00fcnf Molkereien eingeladen, an die die beiden Exkursionsbetriebe G\u00fcterverwaltung \u201eNicolaus Schmidt\u201c AG Rothenacker und Rinderhof Agrar GmbH Seubtendorf sowie anliegende Landwirte ihre Milch liefern. (Siehe auch Bauernzeitung 47. Ausgabe; S.38\/39)<\/p>\n<p>Das Fazit der Diskussion war ern\u00fcchternd.<\/p>\n<p>Mit dem gegenw\u00e4rtigen durchschnittlichen Milchpreisniveau l\u00e4sst sich weder eine ausreichende betriebswirtschaftlich Rentabilit\u00e4t erzielen noch zuk\u00fcnftig eine nachhaltige Milcherzeugung mit den daf\u00fcr notwendigen Investitionen betreiben. Und: Die Chancen, dass sich die Milchpreise zuk\u00fcnftig wesentlich nach oben bewegen, werden eher als gering eingesch\u00e4tzt. Unterschiede im Auszahlungsniveau der Molkereien und in der Strategie der Unternehmen, mit der Milch der Landwirte \u00fcber eine h\u00f6here Wertsch\u00f6pfung h\u00f6here Milchpreise auszuzahlen, sind allerdings betr\u00e4chtlich.<\/p>\n<p>Der Meinungsaustausch zu wachsenden Anforderungen an eine nachhaltige Milchproduktion und zu ausk\u00f6mmlichen Milchpreisen wurde intensiv und emotional gef\u00fchrt, wobei sowohl Molkereien als auch Landwirte zu erkennen gaben, dass sie in einem Boot sitzen. Viele Fragen &#8211; und diskutierte L\u00f6sungen \u2013 blieben allerdings erwartungsgem\u00e4\u00df offen.<\/p>\n<p>Der Vorstand des IVM hat sich deshalb entschlossen, die Thematik der Nachhaltigkeit der Milcherzeugung im kommenden Jahr auf der 9. \u00d6ffentlichen IVM Fachtagung am Seddiner See wiederum auf die Tagesordnung zu setzen. An 27. Mai 2020 soll dort der Meinungsaustausch mit einem gr\u00f6\u00dferen Referenten- und Teilnehmerkreis weiter gef\u00fchrt werden.<\/p>\n<p>Artikel Bauernzeitung: Strategie f\u00fcr nachhaltige Milchpreise; Bettina Karl<\/p>\n<p>Artikel <a href=\"https:\/\/www.iv-milch.de\/pdf\/2019\/BauZ2019_47_JT.pdf\"><u>als PDF<\/u><\/a><\/p>\n\n\n<p><br><br><\/p>\n\n\n\n<p><br><\/p>\n","protected":false},"excerpt":{"rendered":"<p>\u00d6ffentliche IVM Fachtagung 2019 Umfassendes Thema der 8. \u00d6ffentlichen IVM Fachtagung in der Heimvolkshochschule am Seddiner See war \u201eZukunftstechnologien in der Milchviehhaltung \u2022 Praxiserfahrungen, Trends, gesellschaftliche Akzeptanz\u201c. Die neuesten technologischen Entwicklungen in der Milcherzeugung und ihre Praxisrelevanz standen im Mittelpunkt des nun schon traditionellen IVM Milchforums Ende Mai bzw. Anfang Juni jeden Jahres.Nach einem wissenschaftlichen [&hellip;]<\/p>\n","protected":false},"author":1,"featured_media":0,"parent":36,"menu_order":11,"comment_status":"closed","ping_status":"closed","template":"","meta":{"footnotes":""},"class_list":["post-353","page","type-page","status-publish","hentry"],"_links":{"self":[{"href":"https:\/\/www.iv-milch.de\/index.php?rest_route=\/wp\/v2\/pages\/353","targetHints":{"allow":["GET"]}}],"collection":[{"href":"https:\/\/www.iv-milch.de\/index.php?rest_route=\/wp\/v2\/pages"}],"about":[{"href":"https:\/\/www.iv-milch.de\/index.php?rest_route=\/wp\/v2\/types\/page"}],"author":[{"embeddable":true,"href":"https:\/\/www.iv-milch.de\/index.php?rest_route=\/wp\/v2\/users\/1"}],"replies":[{"embeddable":true,"href":"https:\/\/www.iv-milch.de\/index.php?rest_route=%2Fwp%2Fv2%2Fcomments&post=353"}],"version-history":[{"count":8,"href":"https:\/\/www.iv-milch.de\/index.php?rest_route=\/wp\/v2\/pages\/353\/revisions"}],"predecessor-version":[{"id":388,"href":"https:\/\/www.iv-milch.de\/index.php?rest_route=\/wp\/v2\/pages\/353\/revisions\/388"}],"up":[{"embeddable":true,"href":"https:\/\/www.iv-milch.de\/index.php?rest_route=\/wp\/v2\/pages\/36"}],"wp:attachment":[{"href":"https:\/\/www.iv-milch.de\/index.php?rest_route=%2Fwp%2Fv2%2Fmedia&parent=353"}],"curies":[{"name":"wp","href":"https:\/\/api.w.org\/{rel}","templated":true}]}}