{"id":480,"date":"2022-08-19T08:53:58","date_gmt":"2022-08-19T06:53:58","guid":{"rendered":"https:\/\/www.iv-milch.de\/?page_id=480"},"modified":"2023-01-28T12:17:49","modified_gmt":"2023-01-28T10:17:49","slug":"2022-2","status":"publish","type":"page","link":"https:\/\/www.iv-milch.de\/?page_id=480","title":{"rendered":"2022"},"content":{"rendered":"\n<p><strong>9. \u00d6ffentliche IVM Fachtagung am 01. Juni 2022<\/strong><\/p>\n\n\n\n<p>Nach den zwei coronabedingt ausgefallenen IVM Fachtagungen 2020 und 2021 fand die<br>9. \u00d6ffentliche IVM Fachtagung am 01. Juni 2022 wieder turnusgem\u00e4\u00df statt.<br>Die Fachveranstaltung mit dem Thema<br>\u201e<strong>Milchmarkt im ungewissen Umfeld\u201c<\/strong> <strong>(<\/strong><strong>Meinungsaustausch mit Experten)<\/strong><br>war mit 130 Teilnehmern gut besucht. Gastredner auf der turnusm\u00e4\u00dfigen agrarpolitischen Runde am Vorabend der Fachtagung am 31. Mai 2022 waren der Hauptgesch\u00e4ftsf\u00fchrer des Milchindustrie Verbandes, Eckhard Heuser sowie Dr. Simon Harnisch vom Deutschen Raiffeisenverband.<\/p>\n\n\n\n<p>Programm Fachtagung 2022 <a href=\"https:\/\/www.iv-milch.de\/pdf\/2022\/Programm_Fachtagung_2022.pdf\" target=\"_blank\" rel=\"noreferrer noopener\">als PDF<\/a><\/p>\n\n\n\n<p>Milchmarkt im ungewissen Umfeld, Fritz Fleege<\/p>\n\n\n\n<p>Artikel <a rel=\"noreferrer noopener\" href=\"https:\/\/www.iv-milch.de\/pdf\/2022\/Bau_24_40_41.pdf\" target=\"_blank\">als PDF<\/a><\/p>\n\n\n\n<p><\/p>\n\n\n\n<p><strong>IVM Jahrestagung 2022 in Bautzen (Sachsen)<\/strong><br>Mit einer wiederum hohen Beteiligung fand die IVM Jahrestagung am 03.\/04. November im Best Western Hotel in Bautzen statt. Ein Stadtrundgang in der historischen Altstadt war der kulturelle H\u00f6hepunkt der Tagung. Abendlicher Redner war Professor Alfons Balmann vom IAMO Halle. Die Fachexkursion in unseren Mitgliedsbetrieb BUDISSA AG Niederkaina mit einer F\u00fchrung im Gesamtunternehmen und einer Besichtigung der im Umbau befindlichen Milchviehanlage Kleinbautzen bot Anlass f\u00fcr einen umfassenden fachlichen Meinungsaustausch w\u00e4hrend und nach der Jahrestagung.<br><strong>Programm Jahrestagung 2022<\/strong> <a href=\"https:\/\/www.iv-milch.de\/pdf\/2023\/Programm_Jahrestagung_2022.pdf\" target=\"_blank\" rel=\"noreferrer noopener\">als PDF<\/a><\/p>\n\n\n\n<p><strong>In der Region verankert, am Weltmarkt pr\u00e4sent<\/strong>; Dr. Klaus Siegmund<br><a href=\"https:\/\/www.iv-milch.de\/pdf\/2023\/Bau22-43_38_39_40.pdf\" target=\"_blank\" rel=\"noreferrer noopener\">Artikel als PDF<\/a><\/p>\n\n\n\n<p><strong>Die Kuhzunft plant langfristig<\/strong>; Fritz Fleege<br><a href=\"https:\/\/www.iv-milch.de\/pdf\/2023\/Bau22_46_41.pdf\" target=\"_blank\" rel=\"noreferrer noopener\">Artikel als PDF<\/a><\/p>\n","protected":false},"excerpt":{"rendered":"<p>9. \u00d6ffentliche IVM Fachtagung am 01. Juni 2022 Nach den zwei coronabedingt ausgefallenen IVM Fachtagungen 2020 und 2021 fand die9. \u00d6ffentliche IVM Fachtagung am 01. Juni 2022 wieder turnusgem\u00e4\u00df statt.Die Fachveranstaltung mit dem Thema\u201eMilchmarkt im ungewissen Umfeld\u201c (Meinungsaustausch mit Experten)war mit 130 Teilnehmern gut besucht. Gastredner auf der turnusm\u00e4\u00dfigen agrarpolitischen Runde am Vorabend der Fachtagung [&hellip;]<\/p>\n","protected":false},"author":1,"featured_media":0,"parent":36,"menu_order":8,"comment_status":"closed","ping_status":"closed","template":"","meta":{"footnotes":""},"class_list":["post-480","page","type-page","status-publish","hentry"],"_links":{"self":[{"href":"https:\/\/www.iv-milch.de\/index.php?rest_route=\/wp\/v2\/pages\/480","targetHints":{"allow":["GET"]}}],"collection":[{"href":"https:\/\/www.iv-milch.de\/index.php?rest_route=\/wp\/v2\/pages"}],"about":[{"href":"https:\/\/www.iv-milch.de\/index.php?rest_route=\/wp\/v2\/types\/page"}],"author":[{"embeddable":true,"href":"https:\/\/www.iv-milch.de\/index.php?rest_route=\/wp\/v2\/users\/1"}],"replies":[{"embeddable":true,"href":"https:\/\/www.iv-milch.de\/index.php?rest_route=%2Fwp%2Fv2%2Fcomments&post=480"}],"version-history":[{"count":4,"href":"https:\/\/www.iv-milch.de\/index.php?rest_route=\/wp\/v2\/pages\/480\/revisions"}],"predecessor-version":[{"id":513,"href":"https:\/\/www.iv-milch.de\/index.php?rest_route=\/wp\/v2\/pages\/480\/revisions\/513"}],"up":[{"embeddable":true,"href":"https:\/\/www.iv-milch.de\/index.php?rest_route=\/wp\/v2\/pages\/36"}],"wp:attachment":[{"href":"https:\/\/www.iv-milch.de\/index.php?rest_route=%2Fwp%2Fv2%2Fmedia&parent=480"}],"curies":[{"name":"wp","href":"https:\/\/api.w.org\/{rel}","templated":true}]}}