{"id":521,"date":"2023-08-08T20:20:02","date_gmt":"2023-08-08T18:20:02","guid":{"rendered":"https:\/\/www.iv-milch.de\/?page_id=521"},"modified":"2024-01-17T21:17:48","modified_gmt":"2024-01-17T19:17:48","slug":"2023-2","status":"publish","type":"page","link":"https:\/\/www.iv-milch.de\/?page_id=521","title":{"rendered":"2023"},"content":{"rendered":"\n<p><strong>IVM Jahrestagung 2023 im HdLE in Berlin<\/strong><br><br>Die IVM Jahrestagung am 02.\/03. November fand erstmal in Berlin statt, und zwar im Haus der Land- und Ern\u00e4hrungswirtschaft in Berlin. Gab es im Vorfeld der Tagung doch einige Vorbehalte, eine IVM Jahrestagung in Berlin durchzuf\u00fchren, waren alle Teilnehmer doch sehr angetan von der perfekten Organisation und dem guten Essen im HdLE.<br>Das Fachprogramm mit der Thematik \u201eMilchproduktion f\u00fcr die Zukunft sichern\u201c und die Vortr\u00e4ge der Referenten sind bei unseren Mitgliedern sehr gut angekommen, ebenso wie die abendliche Rede des Generalsekret\u00e4rs des DBV, Bernhard Kr\u00fcsken.<br>Die Fachexkursion am Folgetag in dem im Aufbau befindlichen Milchbetrieb MILSANA Heinersdorf unseres holl\u00e4ndischen Berufskollegen Erik Zijlstra war ebenfalls gut besucht und bot viele M\u00f6glichkeiten f\u00fcr einen ausf\u00fchrlichen Meinungsaustausch.<br><br><strong>Programm Jahrestagung 2023<\/strong> <a href=\"https:\/\/www.iv-milch.de\/pdf\/2023\/Programm_Jahrestagung_2023.pdf\" target=\"_blank\" rel=\"noreferrer noopener\">als PDF<\/a><\/p>\n\n\n\n<p><strong>Wohin geht die Reise?<\/strong> Fritz Fleege<br>Artikel <a href=\"https:\/\/www.iv-milch.de\/pdf\/2023\/Bau23_50_30_31.pdf\" target=\"_blank\" rel=\"noreferrer noopener\">als PDF<\/a><\/p>\n\n\n\n<p><br><\/p>\n\n\n\n<p><strong>10. \u00d6ffentliche IVM Fachtagung am 24. Mai 2023<\/strong><\/p>\n\n\n\n<p>Zur 10. \u00d6ffentlichen Fachtagung am gewohnten Tagungsort der Heimvolkshochschule am Seddiner See hatten sich 150 Teilnehmer angemeldet.<\/p>\n\n\n\n<p>Zum Thema \u201eStrategien f\u00fcr eine tierwohlgerechte, innovative und rentable Milchproduktion\u201c mit namhaften Referenten fand ein reger Meinungsaustausch statt. (Siehe auch Artikel Fritz Fleege)<\/p>\n\n\n\n<p>Im Eingangsstatement zum Thema analysierte der IVM die aktuelle Entwicklung der ostdeutschen Milcherzeugung, die weiter r\u00fcckl\u00e4ufig ist. Mit gro\u00dfer Sorge sehen viele Fachleute die anhaltende Aufgabe von Milchviehbetrieben in den neuen Bundesl\u00e4ndern. Am Vorabend der Fachtagung fand die traditionelle agrarpolitische Diskussionsrunde als Podiumsdiskussion zur Zukunft der Milcherzeugung statt. Diskussionsgrundlage waren Statements zum Thema \u201eMilchproduktion 2030 \/ 2040 \u2013 Wohin geht die Reise\u201c von:<br>Dr. Christine Chemnitz, Agora Agrar Berlin,<br>Mathias Hauer, Sachsenmilch Leppersdorf,<br>Eckhard Heuser, Milchindustrie-Verband,<br>Stefan Rothe, Bauerngesellschaft Ziltendorfer Niederung,<br>Prof. Alexander Starke, Klinik f\u00fcr Klauentiere, Uni Leipzig,<br>Dr. Peter Zieger, Cargill (Deutschland).<br><\/p>\n\n\n\n<p><strong>Programm IVM Fachtagung 2023<\/strong> <a href=\"https:\/\/www.iv-milch.de\/pdf\/2023\/Programm_Fachtagung_2023.pdf\" target=\"_blank\" rel=\"noreferrer noopener\">als PDF<\/a><\/p>\n\n\n\n<p><strong>Wieder weniger Milch<\/strong>; Dr. Klaus Siegmund<\/p>\n\n\n\n<p>Artikel <a rel=\"noreferrer noopener\" href=\"https:\/\/www.iv-milch.de\/pdf\/2023\/Bau23_20_36_37_Weniger Milch.pdf\" target=\"_blank\">als PDF<\/a><\/p>\n\n\n\n<p><strong>Wie weiter mit der Milch?<\/strong>; Fritz Fleege<\/p>\n\n\n\n<p>Artikel <a href=\"https:\/\/www.iv-milch.de\/pdf\/2023\/Bau23_23_38_39_Wie weiter.pdf\" target=\"_blank\" rel=\"noreferrer noopener\">als PDF<\/a><\/p>\n\n\n\n<p><strong>Ist der Osten bald Milch-frei?<\/strong>; Elite Magazin, Ruth Thiemann<\/p>\n\n\n\n<p>Artikel <a href=\"https:\/\/www.iv-milch.de\/pdf\/2023\/Ist der Osten bald Milch-frei.pdf\" target=\"_blank\" rel=\"noreferrer noopener\">als PDF<\/a><\/p>\n","protected":false},"excerpt":{"rendered":"<p>IVM Jahrestagung 2023 im HdLE in Berlin Die IVM Jahrestagung am 02.\/03. November fand erstmal in Berlin statt, und zwar im Haus der Land- und Ern\u00e4hrungswirtschaft in Berlin. Gab es im Vorfeld der Tagung doch einige Vorbehalte, eine IVM Jahrestagung in Berlin durchzuf\u00fchren, waren alle Teilnehmer doch sehr angetan von der perfekten Organisation und dem [&hellip;]<\/p>\n","protected":false},"author":1,"featured_media":0,"parent":36,"menu_order":7,"comment_status":"closed","ping_status":"closed","template":"","meta":{"footnotes":""},"class_list":["post-521","page","type-page","status-publish","hentry"],"_links":{"self":[{"href":"https:\/\/www.iv-milch.de\/index.php?rest_route=\/wp\/v2\/pages\/521","targetHints":{"allow":["GET"]}}],"collection":[{"href":"https:\/\/www.iv-milch.de\/index.php?rest_route=\/wp\/v2\/pages"}],"about":[{"href":"https:\/\/www.iv-milch.de\/index.php?rest_route=\/wp\/v2\/types\/page"}],"author":[{"embeddable":true,"href":"https:\/\/www.iv-milch.de\/index.php?rest_route=\/wp\/v2\/users\/1"}],"replies":[{"embeddable":true,"href":"https:\/\/www.iv-milch.de\/index.php?rest_route=%2Fwp%2Fv2%2Fcomments&post=521"}],"version-history":[{"count":6,"href":"https:\/\/www.iv-milch.de\/index.php?rest_route=\/wp\/v2\/pages\/521\/revisions"}],"predecessor-version":[{"id":544,"href":"https:\/\/www.iv-milch.de\/index.php?rest_route=\/wp\/v2\/pages\/521\/revisions\/544"}],"up":[{"embeddable":true,"href":"https:\/\/www.iv-milch.de\/index.php?rest_route=\/wp\/v2\/pages\/36"}],"wp:attachment":[{"href":"https:\/\/www.iv-milch.de\/index.php?rest_route=%2Fwp%2Fv2%2Fmedia&parent=521"}],"curies":[{"name":"wp","href":"https:\/\/api.w.org\/{rel}","templated":true}]}}