{"id":613,"date":"2025-07-23T18:04:51","date_gmt":"2025-07-23T16:04:51","guid":{"rendered":"https:\/\/www.iv-milch.de\/?page_id=613"},"modified":"2026-02-09T20:13:34","modified_gmt":"2026-02-09T18:13:34","slug":"2025-2","status":"publish","type":"page","link":"https:\/\/www.iv-milch.de\/?page_id=613","title":{"rendered":"2025"},"content":{"rendered":"\n<p><br><strong>IVM Jahrestagung 2025 im Hotel D\u00f6llnsee-Schorfheide, Templin<\/strong><br>Gut 110 Fachleute aus dem IVM Mitgliedsunternehmen trafen sich am 6. und 7. November zu ihrer Jahrestagung im Hotel D\u00f6llnsee-Schorfheide im Landkreis Uckermark. Trotz gesunkener Milchpreise war die Stimmung der Teilnehmer gut und erwartungsvoll, wozu auch das herrliche Tagungswetter mit strahlendem Sonnenschein und dem Blick vom Tagungszentrum auf den D\u00f6llnsee beitrug.<br>Das Team des Hotels hat zudem sein Bestes gegeben, um die Veranstaltung auch in diesem Jahr wieder zum Erfolg zu verhelfen.<br>Im Focus des ersten Tages stand die Auswertung des umfangreichen Betriebsvergleichs, Fachvortr\u00e4ge renommierter Referenten, die Mitgliederversammlung sowie die feierliche Abendveranstaltung. Traditionell wurde am zweiten Tag der Erfahrungsaustausch in zwei Milchbetrieben fortgesetzt, in diesem Jahr in G\u00f6ritz und in Dedelow. Der nachfolgende Artikel gibt einen \u00dcberblick.<br><br>Programm Jahrestagung 2025 <a href=\"https:\/\/www.iv-milch.de\/pdf\/2025\/Programm_Jahrestagung_2025.pdf\" target=\"_blank\" rel=\"noreferrer noopener\">als PDF<\/a><\/p>\n\n\n\n<p><strong>Verschiedene Wege zum Erfolg<\/strong>; Dr. Klaus Siegmund<br>Artikel <a href=\"https:\/\/www.iv-milch.de\/pdf\/2025\/Bau48_36_37.pdf\" target=\"_blank\" rel=\"noreferrer noopener\">als PDF<\/a><\/p>\n\n\n\n<p><strong>Der Mensch macht den Erfolg<\/strong>; Lisa Meier, Dr. Sabine Kr\u00fcger<br>Holsteinzucht im Wandel; Dr. Jan-Hendrik Osmers<br>Artikel <a href=\"https:\/\/www.iv-milch.de\/pdf\/2025\/Bau50_46_47.pdf\" target=\"_blank\" rel=\"noreferrer noopener\">als PDF<\/a><\/p>\n\n\n\n<p><strong>Offen, luftig fast wie Weide<\/strong>; Fritz Fleege<br>Artikel <a href=\"https:\/\/www.iv-milch.de\/pdf\/2025\/Bau50_32_33_34.pdf\" target=\"_blank\" rel=\"noreferrer noopener\">als PDF<\/a><br><\/p>\n\n\n\n<p><\/p>\n\n\n\n<p><\/p>\n\n\n\n<p><strong>IVM Fachexkursion Niedersachsen 08.\/09. April 2025<\/strong><br>Ziel war der Erfahrungsaustausch mit Fachkollegen, die gro\u00dfe innovative Milchbetriebe bewirtschaften und in die Zukunft ihrer Unternehmen investiert haben und weiter investieren. Nach R\u00fccksprache mit dem Vorsitzenden der Landesvereinigung der Milchwirtschaft Niedersachsen, Jan Heusmann, und mit unserem Mitglied Hans-Peter Greve als Kenner der Milchbranche in Niedersachsen haben wir uns f\u00fcr drei Betriebe in der Gunstregion um Bremerhaven entschieden: Hof Junkernhose GbR, Benninghoff Milchenergie, Rischenhof Milch KG.<br>Profession und Leidenschaft; Dr. Klaus Siegmund<\/p>\n\n\n\n<p>Erfahrungsaustausch <a href=\"https:\/\/www.iv-milch.de\/pdf\/2025\/Erfahrungsaustausch_NI_042025.pdf\" target=\"_blank\" rel=\"noreferrer noopener\">als PDF<\/a><br><\/p>\n\n\n\n<p><strong>\u00d6ffentliche IVM Fachtagung am 21. Mai 2025<br><\/strong>Die 12. IVM Fachtagung am 21. Mai mit dem Thema \u201eNachhaltige Milchproduktion \u2013 Rahmenbedingungen und Handlungsfelder f\u00fcr Politik und Unternehmen\u201c war mit 150 Teilnehmern wieder sehr gut besucht und hat bei den Teilnehmern gro\u00dfen Anklang gefunden. Vom Vorsitzenden der Gesch\u00e4ftsf\u00fchrung der Sachsenmilch Leppersdorf Mathias Hauer wurde die Fachtagung, einschlie\u00dflich der traditionellen Abendveranstaltung, am Beginn seines Vortrages als \u201eDavos der Milchbranche\u201c bezeichnet. Das ist sicher nicht w\u00f6rtlich zu nehmen, zeigt aber, dass der IVM mittlerweile einen guten Namen hat. Die R\u00fcckmeldungen der Teilnehmer waren, wie schon f\u00fcr die beiden vorangegangenen Fachtagungen \u00fcberaus positiv. Die M\u00f6glichkeit, Meinungen und Erfahrungen in einer offenen Atmosph\u00e4re mit Berufskollegen und Experten auszutauschen wird zunehmend gesch\u00e4tzt. (Siehe auch nachfolgende Artikel)<br><br>Programm IVM Fachtagung 2025 <a href=\"https:\/\/www.iv-milch.de\/pdf\/2025\/Programm_Fachtagung_2025.pdf\" target=\"_blank\" rel=\"noreferrer noopener\">als PDF<\/a><\/p>\n\n\n\n<p>Milchproduktion nur noch von Profis; Dr. Klaus Siegmund<br>Artikel <a href=\"https:\/\/www.iv-milch.de\/pdf\/2025\/Bau25_17_38_40.pdf\" target=\"_blank\" rel=\"noreferrer noopener\">als PDF<\/a><\/p>\n\n\n\n<p>Guten Zeiten entgegen; Dr. Klaus Siegmund<br>Artikel <a href=\"https:\/\/www.iv-milch.de\/pdf\/2025\/Bau25_22_38.pdf\" target=\"_blank\" rel=\"noreferrer noopener\">als PDF<\/a><\/p>\n\n\n\n<p>Effizienz ist auch gut f\u00fcrs Klima; Christoph Feyer<br>Artikel <a href=\"https:\/\/www.iv-milch.de\/pdf\/2025\/Bau25_22_39.pdf\" target=\"_blank\" rel=\"noreferrer noopener\">als PDF<\/a><\/p>\n","protected":false},"excerpt":{"rendered":"<p>IVM Jahrestagung 2025 im Hotel D\u00f6llnsee-Schorfheide, TemplinGut 110 Fachleute aus dem IVM Mitgliedsunternehmen trafen sich am 6. und 7. November zu ihrer Jahrestagung im Hotel D\u00f6llnsee-Schorfheide im Landkreis Uckermark. Trotz gesunkener Milchpreise war die Stimmung der Teilnehmer gut und erwartungsvoll, wozu auch das herrliche Tagungswetter mit strahlendem Sonnenschein und dem Blick vom Tagungszentrum auf den [&hellip;]<\/p>\n","protected":false},"author":1,"featured_media":0,"parent":36,"menu_order":5,"comment_status":"closed","ping_status":"closed","template":"","meta":{"footnotes":""},"class_list":["post-613","page","type-page","status-publish","hentry"],"_links":{"self":[{"href":"https:\/\/www.iv-milch.de\/index.php?rest_route=\/wp\/v2\/pages\/613","targetHints":{"allow":["GET"]}}],"collection":[{"href":"https:\/\/www.iv-milch.de\/index.php?rest_route=\/wp\/v2\/pages"}],"about":[{"href":"https:\/\/www.iv-milch.de\/index.php?rest_route=\/wp\/v2\/types\/page"}],"author":[{"embeddable":true,"href":"https:\/\/www.iv-milch.de\/index.php?rest_route=\/wp\/v2\/users\/1"}],"replies":[{"embeddable":true,"href":"https:\/\/www.iv-milch.de\/index.php?rest_route=%2Fwp%2Fv2%2Fcomments&post=613"}],"version-history":[{"count":9,"href":"https:\/\/www.iv-milch.de\/index.php?rest_route=\/wp\/v2\/pages\/613\/revisions"}],"predecessor-version":[{"id":643,"href":"https:\/\/www.iv-milch.de\/index.php?rest_route=\/wp\/v2\/pages\/613\/revisions\/643"}],"up":[{"embeddable":true,"href":"https:\/\/www.iv-milch.de\/index.php?rest_route=\/wp\/v2\/pages\/36"}],"wp:attachment":[{"href":"https:\/\/www.iv-milch.de\/index.php?rest_route=%2Fwp%2Fv2%2Fmedia&parent=613"}],"curies":[{"name":"wp","href":"https:\/\/api.w.org\/{rel}","templated":true}]}}