{"id":97,"date":"2014-02-08T20:00:48","date_gmt":"2014-02-08T18:00:48","guid":{"rendered":"http:\/\/www.iv-milch.de\/?page_id=97"},"modified":"2014-08-24T14:11:36","modified_gmt":"2014-08-24T12:11:36","slug":"2013-2","status":"publish","type":"page","link":"https:\/\/www.iv-milch.de\/?page_id=97","title":{"rendered":"2013"},"content":{"rendered":"<p>&nbsp;<\/p>\n<ul>\n<li><strong>Jahrestagung 2013 in Weimar (Th\u00fcringen)<\/strong><\/li>\n<\/ul>\n<p>Zur IVM Jahrestagung 2013 am 07.\/08. November in Weimar besuchten rund 90 Fachleute die modernen Milchviehanlagen der Erzeuger und Handels AG LAPROMA Schlo\u00dfvippach in Dielsdorf und der Erzeuger-Genossenschaft Neumark in Berlstedt. Von besonderem Interesse waren in beiden Anlagen die neu errichteten modernen Melksysteme.<br \/>\nIn Rahmen der IVM Betriebsauswertung stand die zuk\u00fcnftige Melktechnik f\u00fcr gro\u00dfe Milchviehanlagen im Mittelpunkt, einschlie\u00dflich von Automatisierungsl\u00f6sungen.<\/p>\n<p>Artikel Fachmagazin agrarmanager: <strong>Management wird immer wichtiger<\/strong>; Dr. Klaus Siegmund<br \/>\nArtikel <a href=\"https:\/\/www.iv-milch.de\/pdf\/2013\/am_02_2014_JT.pdf\" target=\"_blank\">als PDF<\/a> <em>am_02_2014_JT.pdf<\/em><\/p>\n<p>Artikel Bauernzeitung: <b>Mechatroniker als Melker<\/b>; Dr. Klaus Siegmund<br \/>\nArtikel <a href=\"https:\/\/www.iv-milch.de\/pdf\/2013\/BZ13_50_034.PDF\" target=\"_blank\">als PDF<\/a> <i>BZ13_50_034.pdf<\/i><\/p>\n<ul>\n<li><strong>Fachtagung 2013 in der Heimvolkshochschule am Seddiner See<\/strong><\/li>\n<\/ul>\n<p>Artikel Bauernzeitung: Milchviehhalter in der Warteschleife; Fritz Fleege<br \/>\nArtikel <a href=\"https:\/\/www.iv-milch.de\/pdf\/2013\/BZ13_24_037.PDF\" target=\"_blank\">als PDF<\/a> <em>BZ13_24_037.pdf<\/em><\/p>\n<ul>\n<li><strong>Fachexkursion:\u00a0\u00a0 \u00a0Agrargenossenschaft K\u00f6nigsee<\/strong><\/li>\n<\/ul>\n<p>Artikel Bauernzeitung: Vom Ferienhof bis zum Melkroboter; Fritz Fleege<br \/>\nArtikel <a href=\"https:\/\/www.iv-milch.de\/pdf\/2013\/BZ13_20_Koenigsee.PDF\" target=\"_blank\">als PDF<\/a> <em>BZ13_20_Koenigsee.pdf<\/em><\/p>\n","protected":false},"excerpt":{"rendered":"<p>&nbsp; Jahrestagung 2013 in Weimar (Th\u00fcringen) Zur IVM Jahrestagung 2013 am 07.\/08. November in Weimar besuchten rund 90 Fachleute die modernen Milchviehanlagen der Erzeuger und Handels AG LAPROMA Schlo\u00dfvippach in Dielsdorf und der Erzeuger-Genossenschaft Neumark in Berlstedt. Von besonderem Interesse waren in beiden Anlagen die neu errichteten modernen Melksysteme. In Rahmen der IVM Betriebsauswertung stand [&hellip;]<\/p>\n","protected":false},"author":1,"featured_media":0,"parent":36,"menu_order":17,"comment_status":"closed","ping_status":"closed","template":"","meta":{"footnotes":""},"class_list":["post-97","page","type-page","status-publish","hentry"],"_links":{"self":[{"href":"https:\/\/www.iv-milch.de\/index.php?rest_route=\/wp\/v2\/pages\/97","targetHints":{"allow":["GET"]}}],"collection":[{"href":"https:\/\/www.iv-milch.de\/index.php?rest_route=\/wp\/v2\/pages"}],"about":[{"href":"https:\/\/www.iv-milch.de\/index.php?rest_route=\/wp\/v2\/types\/page"}],"author":[{"embeddable":true,"href":"https:\/\/www.iv-milch.de\/index.php?rest_route=\/wp\/v2\/users\/1"}],"replies":[{"embeddable":true,"href":"https:\/\/www.iv-milch.de\/index.php?rest_route=%2Fwp%2Fv2%2Fcomments&post=97"}],"version-history":[{"count":7,"href":"https:\/\/www.iv-milch.de\/index.php?rest_route=\/wp\/v2\/pages\/97\/revisions"}],"predecessor-version":[{"id":126,"href":"https:\/\/www.iv-milch.de\/index.php?rest_route=\/wp\/v2\/pages\/97\/revisions\/126"}],"up":[{"embeddable":true,"href":"https:\/\/www.iv-milch.de\/index.php?rest_route=\/wp\/v2\/pages\/36"}],"wp:attachment":[{"href":"https:\/\/www.iv-milch.de\/index.php?rest_route=%2Fwp%2Fv2%2Fmedia&parent=97"}],"curies":[{"name":"wp","href":"https:\/\/api.w.org\/{rel}","templated":true}]}}